{"id":164,"date":"2020-04-17T14:49:25","date_gmt":"2020-04-17T14:49:25","guid":{"rendered":"https:\/\/demo.creativethemes.com\/blocksy\/travel\/?page_id=164"},"modified":"2024-07-09T17:38:03","modified_gmt":"2024-07-09T17:38:03","slug":"agadir-things-to-do-2","status":"publish","type":"page","link":"https:\/\/agadiractivities.fr\/de\/reiseveranstalter-in-agadir\/","title":{"rendered":"\u00dcber uns"},"content":{"rendered":"<div data-elementor-type=\"wp-page\" data-elementor-id=\"164\" class=\"elementor elementor-164\" data-elementor-post-type=\"page\">\n\t\t\t\t\t\t<section class=\"elementor-section elementor-top-section elementor-element elementor-element-0717564 ct-section-stretched elementor-section-height-min-height elementor-section-boxed elementor-section-height-default elementor-section-items-middle\" data-id=\"0717564\" data-element_type=\"section\" data-settings=\"{&quot;background_background&quot;:&quot;classic&quot;}\">\n\t\t\t\t\t\t\t<div class=\"elementor-background-overlay\"><\/div>\n\t\t\t\t\t\t\t<div class=\"elementor-container elementor-column-gap-default\">\n\t\t\t\t\t<div class=\"elementor-column elementor-col-100 elementor-top-column elementor-element elementor-element-fd58751\" data-id=\"fd58751\" data-element_type=\"column\">\n\t\t\t<div class=\"elementor-widget-wrap elementor-element-populated\">\n\t\t\t\t\t\t<div class=\"elementor-element elementor-element-be03177 elementor-widget elementor-widget-heading\" data-id=\"be03177\" data-element_type=\"widget\" data-widget_type=\"heading.default\">\n\t\t\t\t<div class=\"elementor-widget-container\">\n\t\t\t\t\t<h2 class=\"elementor-heading-title elementor-size-default\">\u00dcber uns<\/h2>\t\t\t\t<\/div>\n\t\t\t\t<\/div>\n\t\t\t\t\t<\/div>\n\t\t<\/div>\n\t\t\t\t\t<\/div>\n\t\t<\/section>\n\t\t\t\t<section class=\"elementor-section elementor-top-section elementor-element elementor-element-7171754 ct-section-stretched elementor-section-height-min-height elementor-section-boxed elementor-section-height-default elementor-section-items-middle\" data-id=\"7171754\" data-element_type=\"section\" data-settings=\"{&quot;background_background&quot;:&quot;classic&quot;}\">\n\t\t\t\t\t\t<div class=\"elementor-container elementor-column-gap-default\">\n\t\t\t\t\t<div class=\"elementor-column elementor-col-100 elementor-top-column elementor-element elementor-element-796f318\" data-id=\"796f318\" data-element_type=\"column\" data-settings=\"{&quot;background_background&quot;:&quot;classic&quot;}\">\n\t\t\t<div class=\"elementor-widget-wrap elementor-element-populated\">\n\t\t\t\t\t\t<div class=\"elementor-element elementor-element-02c7dc5 elementor-widget elementor-widget-image\" data-id=\"02c7dc5\" data-element_type=\"widget\" data-widget_type=\"image.default\">\n\t\t\t\t<div class=\"elementor-widget-container\">\n\t\t\t\t\t\t\t\t\t\t\t\t\t\t\t<img fetchpriority=\"high\" decoding=\"async\" width=\"1024\" height=\"466\" src=\"https:\/\/agadiractivities.fr\/wp-content\/uploads\/2023\/12\/ATEW-1024x466.png\" class=\"attachment-large size-large wp-image-2606\" alt=\"\" srcset=\"https:\/\/agadiractivities.fr\/wp-content\/uploads\/2023\/12\/ATEW-1024x466.png 1024w, https:\/\/agadiractivities.fr\/wp-content\/uploads\/2023\/12\/ATEW-300x137.png 300w, https:\/\/agadiractivities.fr\/wp-content\/uploads\/2023\/12\/ATEW-768x350.png 768w, https:\/\/agadiractivities.fr\/wp-content\/uploads\/2023\/12\/ATEW-18x8.png 18w, https:\/\/agadiractivities.fr\/wp-content\/uploads\/2023\/12\/ATEW.png 1214w\" sizes=\"(max-width: 1024px) 100vw, 1024px\" title=\"\">\t\t\t\t\t\t\t\t\t\t\t\t\t\t\t<\/div>\n\t\t\t\t<\/div>\n\t\t\t\t<div class=\"elementor-element elementor-element-0828c9e elementor-widget elementor-widget-text-editor\" data-id=\"0828c9e\" data-element_type=\"widget\" data-widget_type=\"text-editor.default\">\n\t\t\t\t<div class=\"elementor-widget-container\">\n\t\t\t\t\t\t\t\t\t<p><span style=\"font-weight: 400;\">Welcome to our website! We are delighted that you have found us and that you are interested in Morocco. I can well imagine that it can be difficult for you to make the right decision about where to book your Morocco trips. That is why we would like to introduce ourselves so that you know who is behind Agadir Travel Excursions.<\/span><\/p>\t\t\t\t\t\t\t\t<\/div>\n\t\t\t\t<\/div>\n\t\t\t\t<div class=\"elementor-element elementor-element-b31c36d elementor-widget elementor-widget-heading\" data-id=\"b31c36d\" data-element_type=\"widget\" data-widget_type=\"heading.default\">\n\t\t\t\t<div class=\"elementor-widget-container\">\n\t\t\t\t\t<h2 class=\"elementor-heading-title elementor-size-default\">Who we are?<\/h2>\t\t\t\t<\/div>\n\t\t\t\t<\/div>\n\t\t\t\t<div class=\"elementor-element elementor-element-4fa4cfd elementor-widget elementor-widget-text-editor\" data-id=\"4fa4cfd\" data-element_type=\"widget\" data-widget_type=\"text-editor.default\">\n\t\t\t\t<div class=\"elementor-widget-container\">\n\t\t\t\t\t\t\t\t\t<p><span style=\"font-weight: 400;\">We run our business in pairs: <strong>Reka and Nabil<\/strong>. Two very different people, but we complement each other perfectly. And perhaps we are living proof of the saying &#8220;opposites attract&#8221;. But we do have something in common: we love to travel, we love Morocco and we want to show you the country as we see it. But who are we?<\/span><\/p>\t\t\t\t\t\t\t\t<\/div>\n\t\t\t\t<\/div>\n\t\t\t\t<div class=\"elementor-element elementor-element-f042117 elementor-widget elementor-widget-text-editor\" data-id=\"f042117\" data-element_type=\"widget\" data-widget_type=\"text-editor.default\">\n\t\t\t\t<div class=\"elementor-widget-container\">\n\t\t\t\t\t\t\t\t\t<p><span style=\"font-weight: 400;\"><strong>Reka<\/strong>: a cheerful and passionate Hungarian and the emotional heart of our team. I never planned to live in Morocco. And to be honest? I couldn&#8217;t have imagined it either. But after a short trip and a change of perspective, I fell in love with the country. Having worked in the tourism sector for more than 20 years and being self-employed (in the same sector) since the beginning of 2022, I had enough experience to go my own way and I had decided to present Morocco as I see it. I spent a long time looking for the perfect partner and I found him. A person who is always by my side: <strong>Nabil<\/strong>. Born in Morocco, he loves his country more than anything and you can learn a lot from him. Whether it&#8217;s about the country, life here or religion, he&#8217;s always open to an honest conversation. Nothing is impossible for him &#8211; he takes care of everything, no matter what the time or the subject. He is the rational part of our team, he pursues his goals with determination and nothing can throw him off track. He has worked as a guide for several years and knows the tours inside out.<\/span><\/p>\t\t\t\t\t\t\t\t<\/div>\n\t\t\t\t<\/div>\n\t\t\t\t<div class=\"elementor-element elementor-element-085fe8b elementor-widget elementor-widget-text-editor\" data-id=\"085fe8b\" data-element_type=\"widget\" data-widget_type=\"text-editor.default\">\n\t\t\t\t<div class=\"elementor-widget-container\">\n\t\t\t\t\t\t\t\t\t<p><span style=\"font-weight: 400;\">Wir haben uns auf einer Tour pers\u00f6nlich kennengelernt, als ich mit meiner ersten ungarischen Gruppe unterwegs war. Und gleich bei dem ersten Stopp kam ein Gast zu mir: \u201eReka dieser Typ ist unglaublich! Er erz\u00e4hlt so viel, es bleiben keine Fragen offen und er macht unsere Reise wirklich einzigartig\u201c! Dann haben wir uns kurz verloren, aber nach einem \u201eZufall\u201c wieder getroffen \u2013 und nachdem wir \u00fcber unsere eigenen Pl\u00e4ne geredet haben, wussten wir sofort, wir m\u00fcssen zusammenarbeiten. So entstand unsere Firma, ATE Agency LLC.<\/span><\/p>\t\t\t\t\t\t\t\t<\/div>\n\t\t\t\t<\/div>\n\t\t\t\t<div class=\"elementor-element elementor-element-9de2879 elementor-widget elementor-widget-text-editor\" data-id=\"9de2879\" data-element_type=\"widget\" data-widget_type=\"text-editor.default\">\n\t\t\t\t<div class=\"elementor-widget-container\">\n\t\t\t\t\t\t\t\t\t<p><span style=\"font-weight: 400;\">Aber was w\u00e4re unsere Firma ohne ein Team? Hinter uns stehen viele erfahrene Partners und Guides, und wir bem\u00fchen uns immer, das Beste f\u00fcr unseren Kunden zu geben. Unsere Touren sollen authentisch bleiben, bei Bedarf werden sie nach pers\u00f6nlichen W\u00fcnschen geplant. Wir vereinbaren auch gerne pers\u00f6nliche Beratungen, telefonisch aber auch via Videocall wie Zoom oder Google Meet. Und wenn Du mehr \u00fcber uns erfahren m\u00f6chtest\u2026 Schau gern auf unserem Blog vorbei, da werden wir \u2013 eher gesagt meistens ich, Reka, \u00fcber das Leben und den Alltag hier in Marokko viele interessante Artikel schreiben.<\/span><\/p>\t\t\t\t\t\t\t\t<\/div>\n\t\t\t\t<\/div>\n\t\t\t\t<div class=\"elementor-element elementor-element-8b68bb5 elementor-widget elementor-widget-heading\" data-id=\"8b68bb5\" data-element_type=\"widget\" data-widget_type=\"heading.default\">\n\t\t\t\t<div class=\"elementor-widget-container\">\n\t\t\t\t\t<h2 class=\"elementor-heading-title elementor-size-default\">HIER FINDEN SIE EINE KURZE ZUSAMMENFASSUNG DER GR\u00dcNDE, WARUM WIR IHRE ERSTE WAHL SEIN SOLLTEN.<\/h2>\t\t\t\t<\/div>\n\t\t\t\t<\/div>\n\t\t\t\t<div class=\"elementor-element elementor-element-1f867c6 elementor-widget elementor-widget-text-editor\" data-id=\"1f867c6\" data-element_type=\"widget\" data-widget_type=\"text-editor.default\">\n\t\t\t\t<div class=\"elementor-widget-container\">\n\t\t\t\t\t\t\t\t\t<p><strong>Lokale Expertise<\/strong>Unser Team besteht aus begeisterten Einheimischen, die Agadir und Umgebung bestens kennen. Aus diesem Wissen heraus werden unsere Touren zusammengestellt, die die verborgenen Sch\u00f6nheiten Marokkos offenbaren.<\/p><p><strong>Touren nach Ihren W\u00fcnschen<\/strong>Wir wissen, dass es nicht f\u00fcr jeden das Richtige gibt. Ob Sie ein Abenteurer, ein Kulturliebhaber, ein Gourmet oder ein Geschichtsliebhaber sind, wir bieten Ihnen eine gro\u00dfe Auswahl an Touren und Aktivit\u00e4ten, die auf Ihre Vorlieben zugeschnitten werden k\u00f6nnen.<\/p><p><strong>Unparalleled access<\/strong>: Thanks to our extensive network of connections, we offer exclusive access to some of Morocco&#8217;s most sought-after attractions. Whether it&#8217;s a private guided tour of the ancient medina in Marrakech or an off-the-beaten-path trek through the Atlas Mountains, we make the extraordinary accessible.<\/p><p><strong>Exceptional Guides<\/strong>: Our guides are not only experts in their fields, they are storytellers who bring the history and culture of Morocco to life. Their passion and knowledge ensure that each tour is an engaging and educational experience.<\/p><p><strong>Safety and Comfort<\/strong>: Your safety and comfort is our top priority. We maintain a fleet of modern, well-maintained vehicles and our tours are conducted with strict adherence to safety standards. Explore Morocco with peace of mind.<\/p><p><strong>Sustainability<\/strong>: Committed to responsible tourism and sustainable practices, we work closely with local communities to ensure that our tours have a positive impact on the environment and the people of Morocco.<\/p>\t\t\t\t\t\t\t\t<\/div>\n\t\t\t\t<\/div>\n\t\t\t\t\t<\/div>\n\t\t<\/div>\n\t\t\t\t\t<\/div>\n\t\t<\/section>\n\t\t<div class=\"elementor-element elementor-element-a26cca7 e-flex e-con-boxed e-con e-parent\" data-id=\"a26cca7\" data-element_type=\"container\">\n\t\t\t\t\t<div class=\"e-con-inner\">\n\t\t\t\t\t<\/div>\n\t\t\t\t<\/div>\n\t\t<div class=\"elementor-element elementor-element-78ffb4d e-flex e-con-boxed e-con e-parent\" data-id=\"78ffb4d\" data-element_type=\"container\">\n\t\t\t\t\t<div class=\"e-con-inner\">\n\t\t\t\t<div class=\"elementor-element elementor-element-9c63928 elementor-widget elementor-widget-text-editor\" data-id=\"9c63928\" data-element_type=\"widget\" data-widget_type=\"text-editor.default\">\n\t\t\t\t<div class=\"elementor-widget-container\">\n\t\t\t\t\t\t\t\t\t<p>Lorem ipsum dolor sit amet, consectetur adipiscing elit. Ut elit tellus, luctus nec ullamcorper mattis, pulvinar dapibus leo.<\/p>\t\t\t\t\t\t\t\t<\/div>\n\t\t\t\t<\/div>\n\t\t\t\t\t<\/div>\n\t\t\t\t<\/div>\n\t\t\t\t<\/div>","protected":false},"excerpt":{"rendered":"<p>Massa sed elementum tempus egestas sed sed risus. Risus at ultrices mi tempus imperdiet nulla malesuada pellentesque elit.<\/p>","protected":false},"author":1,"featured_media":2787,"parent":0,"menu_order":0,"comment_status":"closed","ping_status":"closed","template":"","meta":{"_acf_changed":false,"footnotes":""},"class_list":["post-164","page","type-page","status-publish","has-post-thumbnail","hentry"],"blocksy_meta":{"page_title_panel":"","has_hero_section":"disabled","8dde94b88eca81613eaf41e6e63df8f3":"","hero_section":"type-1","hero_elements":[{"id":"custom_title","enabled":true},{"id":"breadcrumbs","enabled":false},{"id":"custom_description","enabled":true,"description_visibility":{"desktop":true,"tablet":true,"mobile":false}},{"id":"custom_meta","enabled":true,"single_meta_elements":{"author":false,"date":false,"categories":false,"comments":false,"updated":false,"tags":false},"page_meta_elements":{"joined":true,"articles_count":true,"comments":true}}],"b57ca4d32122654dfac08b0b6ccf6716":"","hero_alignment1":"left","hero_alignment2":"center","hero_height":"230px","page_title_bg_type":"color","custom_hero_background":{"attachment_id":null},"parallax":{"desktop":false,"tablet":false,"mobile":false},"pageTitleFont":{"family":"Default","variation":"Default","size":{"desktop":"32px","tablet":"30px","mobile":"25px"},"line-height":"1.3","letter-spacing":"CT_CSS_SKIP_RULE","text-transform":"CT_CSS_SKIP_RULE","text-decoration":"CT_CSS_SKIP_RULE"},"pageTitleFontColor":{"default":{"color":"CT_CSS_SKIP_RULEDEFAULT"}},"pageMetaFont":{"family":"Default","variation":"n6","size":{"desktop":"12px","tablet":"12px","mobile":"12px"},"line-height":"1.3","letter-spacing":"CT_CSS_SKIP_RULE","text-transform":"uppercase","text-decoration":"CT_CSS_SKIP_RULE"},"pageMetaFontColor":{"default":{"color":"CT_CSS_SKIP_RULEDEFAULT"},"hover":{"color":"CT_CSS_SKIP_RULEDEFAULT"}},"pageExcerptFont":{"family":"Default","variation":"n5","size":"CT_CSS_SKIP_RULE","line-height":"CT_CSS_SKIP_RULE","letter-spacing":"CT_CSS_SKIP_RULE","text-transform":"CT_CSS_SKIP_RULE","text-decoration":"CT_CSS_SKIP_RULE"},"pageExcerptColor":{"default":{"color":"CT_CSS_SKIP_RULEDEFAULT"}},"breadcrumbsFont":{"family":"Default","variation":"n6","size":"12px","line-height":"CT_CSS_SKIP_RULE","letter-spacing":"CT_CSS_SKIP_RULE","text-transform":"uppercase","text-decoration":"CT_CSS_SKIP_RULE"},"breadcrumbsFontColor":{"default":{"color":"CT_CSS_SKIP_RULEDEFAULT"},"initial":{"color":"CT_CSS_SKIP_RULEDEFAULT"},"hover":{"color":"CT_CSS_SKIP_RULEDEFAULT"}},"pageTitleOverlay":{"default":{"color":"rgba(41, 51, 60, 0.2)"}},"pageTitleBackground":{"background_type":"color","background_pattern":"type-1","background_image":{"attachment_id":null,"x":0,"y":0},"background_repeat":"no-repeat","background_size":"auto","background_attachment":"scroll","patternColor":{"default":{"color":"#e5e7ea"}},"backgroundColor":{"default":{"color":"#EDEFF2"}}},"30bd3d82d44c93ff512d385983934a8d":"","page_structure_type":"default","page_enable_vertical_spacing":"no","918019aae6b81bb57706ceeb2d06236b":"","disable_featured_image":"no","73fc40c930f9a5400d833b8700298f2f":"","d36a9c10c230eaf6c86b3a0408a49909":"","hero_structure":"narrow","9858ffa93290afa8ac31a0a3802db0eb":"","content_style":"inherit","vertical_spacing_source":"custom","content_area_spacing":"none","background":{"background_type":"color","background_pattern":"type-1","background_image":{"attachment_id":null,"x":0,"y":0},"background_repeat":"no-repeat","background_size":"auto","background_attachment":"scroll","patternColor":{"default":{"color":"#e5e7ea"}},"backgroundColor":{"default":{"color":"CT_CSS_SKIP_RULE"}}},"content_background":{"background_type":"color","background_pattern":"type-1","background_image":{"attachment_id":null,"x":0,"y":0},"background_repeat":"no-repeat","background_size":"auto","background_attachment":"scroll","patternColor":{"default":{"color":"#e5e7ea"}},"backgroundColor":{"default":{"color":"#ffffff"}}},"content_boxed_spacing":{"desktop":"40px","tablet":"35px","mobile":"20px"},"content_boxed_radius":{"top":"3px","bottom":"3px","left":"3px","right":"3px","linked":true},"content_boxed_shadow":{"blur":18,"spread":-6,"v_offset":12,"h_offset":0,"inset":false,"enable":true,"color":{"color":"rgba(34, 56, 101, 0.04)"}},"c7e3411feaaade2bd72c8d8c1b2029c1":"","styles_descriptor":{"styles":{"desktop":"","tablet":"","mobile":""},"google_fonts":[],"version":6}},"acf":[],"_links":{"self":[{"href":"https:\/\/agadiractivities.fr\/de\/wp-json\/wp\/v2\/pages\/164","targetHints":{"allow":["GET"]}}],"collection":[{"href":"https:\/\/agadiractivities.fr\/de\/wp-json\/wp\/v2\/pages"}],"about":[{"href":"https:\/\/agadiractivities.fr\/de\/wp-json\/wp\/v2\/types\/page"}],"author":[{"embeddable":true,"href":"https:\/\/agadiractivities.fr\/de\/wp-json\/wp\/v2\/users\/1"}],"replies":[{"embeddable":true,"href":"https:\/\/agadiractivities.fr\/de\/wp-json\/wp\/v2\/comments?post=164"}],"version-history":[{"count":17,"href":"https:\/\/agadiractivities.fr\/de\/wp-json\/wp\/v2\/pages\/164\/revisions"}],"predecessor-version":[{"id":4725,"href":"https:\/\/agadiractivities.fr\/de\/wp-json\/wp\/v2\/pages\/164\/revisions\/4725"}],"wp:featuredmedia":[{"embeddable":true,"href":"https:\/\/agadiractivities.fr\/de\/wp-json\/wp\/v2\/media\/2787"}],"wp:attachment":[{"href":"https:\/\/agadiractivities.fr\/de\/wp-json\/wp\/v2\/media?parent=164"}],"curies":[{"name":"wp","href":"https:\/\/api.w.org\/{rel}","templated":true}]}}