{"id":164,"date":"2020-04-17T14:49:25","date_gmt":"2020-04-17T14:49:25","guid":{"rendered":"https:\/\/demo.creativethemes.com\/blocksy\/travel\/?page_id=164"},"modified":"2024-07-09T17:38:03","modified_gmt":"2024-07-09T17:38:03","slug":"agadir-things-to-do-2","status":"publish","type":"page","link":"https:\/\/agadiractivities.fr\/fr\/tour-operateur-a-agadir\/","title":{"rendered":"About Us"},"content":{"rendered":"<div data-elementor-type=\"wp-page\" data-elementor-id=\"164\" class=\"elementor elementor-164\" data-elementor-post-type=\"page\">\n\t\t\t\t\t\t<section class=\"elementor-section elementor-top-section elementor-element elementor-element-0717564 ct-section-stretched elementor-section-height-min-height elementor-section-boxed elementor-section-height-default elementor-section-items-middle\" data-id=\"0717564\" data-element_type=\"section\" data-settings=\"{&quot;background_background&quot;:&quot;classic&quot;}\">\n\t\t\t\t\t\t\t<div class=\"elementor-background-overlay\"><\/div>\n\t\t\t\t\t\t\t<div class=\"elementor-container elementor-column-gap-default\">\n\t\t\t\t\t<div class=\"elementor-column elementor-col-100 elementor-top-column elementor-element elementor-element-fd58751\" data-id=\"fd58751\" data-element_type=\"column\">\n\t\t\t<div class=\"elementor-widget-wrap elementor-element-populated\">\n\t\t\t\t\t\t<div class=\"elementor-element elementor-element-be03177 elementor-widget elementor-widget-heading\" data-id=\"be03177\" data-element_type=\"widget\" data-widget_type=\"heading.default\">\n\t\t\t\t<div class=\"elementor-widget-container\">\n\t\t\t\t\t<h2 class=\"elementor-heading-title elementor-size-default\">About Us<\/h2>\t\t\t\t<\/div>\n\t\t\t\t<\/div>\n\t\t\t\t\t<\/div>\n\t\t<\/div>\n\t\t\t\t\t<\/div>\n\t\t<\/section>\n\t\t\t\t<section class=\"elementor-section elementor-top-section elementor-element elementor-element-7171754 ct-section-stretched elementor-section-height-min-height elementor-section-boxed elementor-section-height-default elementor-section-items-middle\" data-id=\"7171754\" data-element_type=\"section\" data-settings=\"{&quot;background_background&quot;:&quot;classic&quot;}\">\n\t\t\t\t\t\t<div class=\"elementor-container elementor-column-gap-default\">\n\t\t\t\t\t<div class=\"elementor-column elementor-col-100 elementor-top-column elementor-element elementor-element-796f318\" data-id=\"796f318\" data-element_type=\"column\" data-settings=\"{&quot;background_background&quot;:&quot;classic&quot;}\">\n\t\t\t<div class=\"elementor-widget-wrap elementor-element-populated\">\n\t\t\t\t\t\t<div class=\"elementor-element elementor-element-02c7dc5 elementor-widget elementor-widget-image\" data-id=\"02c7dc5\" data-element_type=\"widget\" data-widget_type=\"image.default\">\n\t\t\t\t<div class=\"elementor-widget-container\">\n\t\t\t\t\t\t\t\t\t\t\t\t\t\t\t<img fetchpriority=\"high\" decoding=\"async\" width=\"1024\" height=\"466\" src=\"https:\/\/agadiractivities.fr\/wp-content\/uploads\/2023\/12\/ATEW-1024x466.png\" class=\"attachment-large size-large wp-image-2606\" alt=\"\" srcset=\"https:\/\/agadiractivities.fr\/wp-content\/uploads\/2023\/12\/ATEW-1024x466.png 1024w, https:\/\/agadiractivities.fr\/wp-content\/uploads\/2023\/12\/ATEW-300x137.png 300w, https:\/\/agadiractivities.fr\/wp-content\/uploads\/2023\/12\/ATEW-768x350.png 768w, https:\/\/agadiractivities.fr\/wp-content\/uploads\/2023\/12\/ATEW-18x8.png 18w, https:\/\/agadiractivities.fr\/wp-content\/uploads\/2023\/12\/ATEW.png 1214w\" sizes=\"(max-width: 1024px) 100vw, 1024px\" title=\"\">\t\t\t\t\t\t\t\t\t\t\t\t\t\t\t<\/div>\n\t\t\t\t<\/div>\n\t\t\t\t<div class=\"elementor-element elementor-element-0828c9e elementor-widget elementor-widget-text-editor\" data-id=\"0828c9e\" data-element_type=\"widget\" data-widget_type=\"text-editor.default\">\n\t\t\t\t<div class=\"elementor-widget-container\">\n\t\t\t\t\t\t\t\t\t<p><span style=\"font-weight: 400;\">Bienvenue sur notre site web ! Nous sommes ravis que vous nous ayez trouv\u00e9s et que vous vous int\u00e9ressiez au Maroc. Je peux imaginer qu'il peut \u00eatre difficile pour vous de prendre la bonne d\u00e9cision quant \u00e0 l'endroit o\u00f9 r\u00e9server vos voyages au Maroc. C'est pourquoi nous aimerions nous pr\u00e9senter afin que vous sachiez qui se cache derri\u00e8re Agadir Travel Excursions.<\/span><\/p>\t\t\t\t\t\t\t\t<\/div>\n\t\t\t\t<\/div>\n\t\t\t\t<div class=\"elementor-element elementor-element-b31c36d elementor-widget elementor-widget-heading\" data-id=\"b31c36d\" data-element_type=\"widget\" data-widget_type=\"heading.default\">\n\t\t\t\t<div class=\"elementor-widget-container\">\n\t\t\t\t\t<h2 class=\"elementor-heading-title elementor-size-default\">Qui sommes-nous ?<\/h2>\t\t\t\t<\/div>\n\t\t\t\t<\/div>\n\t\t\t\t<div class=\"elementor-element elementor-element-4fa4cfd elementor-widget elementor-widget-text-editor\" data-id=\"4fa4cfd\" data-element_type=\"widget\" data-widget_type=\"text-editor.default\">\n\t\t\t\t<div class=\"elementor-widget-container\">\n\t\t\t\t\t\t\t\t\t<p><span style=\"font-weight: 400;\">Nous g\u00e9rons nos activit\u00e9s en bin\u00f4me : <strong>Reka et Nabil<\/strong>. Deux personnes tr\u00e8s diff\u00e9rentes, mais qui se compl\u00e8tent parfaitement. Nous sommes peut-\u00eatre la preuve vivante du dicton \"les oppos\u00e9s s'attirent\". Mais nous avons quelque chose en commun : nous aimons voyager, nous aimons le Maroc et nous voulons vous montrer le pays tel que nous le voyons. Mais qui sommes-nous ?<\/span><\/p>\t\t\t\t\t\t\t\t<\/div>\n\t\t\t\t<\/div>\n\t\t\t\t<div class=\"elementor-element elementor-element-f042117 elementor-widget elementor-widget-text-editor\" data-id=\"f042117\" data-element_type=\"widget\" data-widget_type=\"text-editor.default\">\n\t\t\t\t<div class=\"elementor-widget-container\">\n\t\t\t\t\t\t\t\t\t<p><span style=\"font-weight: 400;\"><strong>Reka<\/strong>: une Hongroise joyeuse et passionn\u00e9e et le c\u0153ur \u00e9motionnel de notre \u00e9quipe. Je n'avais pas pr\u00e9vu de vivre au Maroc. Et pour \u00eatre honn\u00eate ? Je n'aurais pas pu l'imaginer non plus. Mais apr\u00e8s un court voyage et un changement de perspective, je suis tomb\u00e9e amoureuse du pays. Ayant travaill\u00e9 dans le secteur du tourisme pendant plus de 20 ans et \u00e9tant \u00e0 mon compte (dans le m\u00eame secteur) depuis le d\u00e9but de l'ann\u00e9e 2022, j'avais suffisamment d'exp\u00e9rience pour suivre ma propre voie et j'avais d\u00e9cid\u00e9 de pr\u00e9senter le Maroc tel que je le vois. J'ai longtemps cherch\u00e9 le partenaire id\u00e9al et je l'ai trouv\u00e9. Une personne qui est toujours \u00e0 mes c\u00f4t\u00e9s : <strong>Nabil<\/strong>. Born in Morocco, he loves his country more than anything and you can learn a lot from him. Whether it&#8217;s about the country, life here or religion, he&#8217;s always open to an honest conversation. Nothing is impossible for him &#8211; he takes care of everything, no matter what the time or the subject. He is the rational part of our team, he pursues his goals with determination and nothing can throw him off track. He has worked as a guide for several years and knows the tours inside out.<\/span><\/p>\t\t\t\t\t\t\t\t<\/div>\n\t\t\t\t<\/div>\n\t\t\t\t<div class=\"elementor-element elementor-element-085fe8b elementor-widget elementor-widget-text-editor\" data-id=\"085fe8b\" data-element_type=\"widget\" data-widget_type=\"text-editor.default\">\n\t\t\t\t<div class=\"elementor-widget-container\">\n\t\t\t\t\t\t\t\t\t<p><span style=\"font-weight: 400;\">Nous nous sommes rencontr\u00e9s en personne lors d'une tourn\u00e9e, alors que je faisais partie de mon premier groupe hongrois. D\u00e8s le premier arr\u00eat, un invit\u00e9 m'a dit : \"Reka, ce type est incroyable ! Il parle tellement, aucune question n'est laiss\u00e9e sans r\u00e9ponse et il rend vraiment notre voyage unique\" ! Nous nous sommes ensuite perdus de vue pendant un certain temps, mais \u00e0 la suite d'une \"co\u00efncidence\", nous nous sommes rencontr\u00e9s \u00e0 nouveau - et apr\u00e8s avoir parl\u00e9 de nos propres projets, nous avons imm\u00e9diatement su que nous devions travailler ensemble. C'est ainsi qu'est n\u00e9e notre soci\u00e9t\u00e9, ATE Agency LLC.<\/span><\/p>\t\t\t\t\t\t\t\t<\/div>\n\t\t\t\t<\/div>\n\t\t\t\t<div class=\"elementor-element elementor-element-9de2879 elementor-widget elementor-widget-text-editor\" data-id=\"9de2879\" data-element_type=\"widget\" data-widget_type=\"text-editor.default\">\n\t\t\t\t<div class=\"elementor-widget-container\">\n\t\t\t\t\t\t\t\t\t<p><span style=\"font-weight: 400;\">But what would we be without our team? We have many experienced partners and guides behind us, and we always strive to do the best for our clients. Our tours are designed to be authentic and, if necessary, can be personalised. We are also happy to arrange personal consultations by phone or video call, such as Zoom or Google Meet. And if you&#8217;d like to know more about us&#8230; Have a look at our blog, where we &#8211; or rather me, Reka &#8211; will be writing lots of interesting articles about life and everyday life here in Morocco.<\/span><\/p>\t\t\t\t\t\t\t\t<\/div>\n\t\t\t\t<\/div>\n\t\t\t\t<div class=\"elementor-element elementor-element-8b68bb5 elementor-widget elementor-widget-heading\" data-id=\"8b68bb5\" data-element_type=\"widget\" data-widget_type=\"heading.default\">\n\t\t\t\t<div class=\"elementor-widget-container\">\n\t\t\t\t\t<h2 class=\"elementor-heading-title elementor-size-default\">Voici un bref r\u00e9sum\u00e9 des raisons pour lesquelles nous devrions \u00eatre votre choix<\/h2>\t\t\t\t<\/div>\n\t\t\t\t<\/div>\n\t\t\t\t<div class=\"elementor-element elementor-element-1f867c6 elementor-widget elementor-widget-text-editor\" data-id=\"1f867c6\" data-element_type=\"widget\" data-widget_type=\"text-editor.default\">\n\t\t\t\t<div class=\"elementor-widget-container\">\n\t\t\t\t\t\t\t\t\t<p><strong>Expertise locale<\/strong>: Notre \u00e9quipe est compos\u00e9e de locaux passionn\u00e9s ayant une connaissance intime d'Agadir et de ses environs. Gr\u00e2ce \u00e0 cette connaissance locale, nous cr\u00e9ons des circuits qui r\u00e9v\u00e8lent les joyaux cach\u00e9s de cette destination captivante.<\/p><p><strong>Exp\u00e9riences sur mesure<\/strong>: Nous comprenons qu'il n'y a pas de taille unique. Que vous soyez un aventurier intr\u00e9pide, un passionn\u00e9 de culture, de gastronomie ou d'histoire, nous proposons une grande vari\u00e9t\u00e9 de circuits et d'activit\u00e9s qui peuvent \u00eatre adapt\u00e9s \u00e0 vos pr\u00e9f\u00e9rences.<\/p><p><strong>Un acc\u00e8s in\u00e9gal\u00e9<\/strong>: Gr\u00e2ce \u00e0 notre vaste r\u00e9seau de relations, nous offrons un acc\u00e8s exclusif \u00e0 certaines des attractions les plus recherch\u00e9es du Maroc. Qu'il s'agisse d'une visite guid\u00e9e priv\u00e9e de l'ancienne m\u00e9dina de Marrakech ou d'une randonn\u00e9e hors des sentiers battus dans les montagnes de l'Atlas, nous rendons l'extraordinaire accessible.<\/p><p><strong>Guides exceptionnels<\/strong>: Nos guides ne sont pas seulement des experts dans leur domaine, ce sont aussi des conteurs qui donnent vie \u00e0 l'histoire et \u00e0 la culture du Maroc. Leur passion et leurs connaissances font de chaque visite une exp\u00e9rience captivante et \u00e9ducative.<\/p><p><strong>S\u00e9curit\u00e9 et confort<\/strong>: Votre s\u00e9curit\u00e9 et votre confort sont notre priorit\u00e9 absolue. Nous disposons d'une flotte de v\u00e9hicules modernes et bien entretenus et nos circuits sont conduits dans le strict respect des normes de s\u00e9curit\u00e9. Explorez le Maroc en toute s\u00e9r\u00e9nit\u00e9.<\/p><p><strong>Durabilit\u00e9<\/strong>: Engag\u00e9s dans le tourisme responsable et les pratiques durables, nous travaillons en \u00e9troite collaboration avec les communaut\u00e9s locales pour nous assurer que nos circuits ont un impact positif sur l'environnement et les habitants du Maroc.<\/p>\t\t\t\t\t\t\t\t<\/div>\n\t\t\t\t<\/div>\n\t\t\t\t\t<\/div>\n\t\t<\/div>\n\t\t\t\t\t<\/div>\n\t\t<\/section>\n\t\t<div class=\"elementor-element elementor-element-a26cca7 e-flex e-con-boxed e-con e-parent\" data-id=\"a26cca7\" data-element_type=\"container\">\n\t\t\t\t\t<div class=\"e-con-inner\">\n\t\t\t\t\t<\/div>\n\t\t\t\t<\/div>\n\t\t<div class=\"elementor-element elementor-element-78ffb4d e-flex e-con-boxed e-con e-parent\" data-id=\"78ffb4d\" data-element_type=\"container\">\n\t\t\t\t\t<div class=\"e-con-inner\">\n\t\t\t\t<div class=\"elementor-element elementor-element-9c63928 elementor-widget elementor-widget-text-editor\" data-id=\"9c63928\" data-element_type=\"widget\" data-widget_type=\"text-editor.default\">\n\t\t\t\t<div class=\"elementor-widget-container\">\n\t\t\t\t\t\t\t\t\t<p>Lorem ipsum dolor sit amet, consectetur adipiscing elit. Ut elit tellus, luctus nec ullamcorper mattis, pulvinar dapibus leo.<\/p>\t\t\t\t\t\t\t\t<\/div>\n\t\t\t\t<\/div>\n\t\t\t\t\t<\/div>\n\t\t\t\t<\/div>\n\t\t\t\t<\/div>","protected":false},"excerpt":{"rendered":"<p>Massa sed elementum tempus egestas sed sed risus. Risus at ultrices mi tempus imperdiet nulla malesuada pellentesque elit.<\/p>","protected":false},"author":1,"featured_media":2787,"parent":0,"menu_order":0,"comment_status":"closed","ping_status":"closed","template":"","meta":{"_acf_changed":false,"footnotes":""},"class_list":["post-164","page","type-page","status-publish","has-post-thumbnail","hentry"],"blocksy_meta":{"page_title_panel":"","has_hero_section":"disabled","8dde94b88eca81613eaf41e6e63df8f3":"","hero_section":"type-1","hero_elements":[{"id":"custom_title","enabled":true},{"id":"breadcrumbs","enabled":false},{"id":"custom_description","enabled":true,"description_visibility":{"desktop":true,"tablet":true,"mobile":false}},{"id":"custom_meta","enabled":true,"single_meta_elements":{"author":false,"date":false,"categories":false,"comments":false,"updated":false,"tags":false},"page_meta_elements":{"joined":true,"articles_count":true,"comments":true}}],"b57ca4d32122654dfac08b0b6ccf6716":"","hero_alignment1":"left","hero_alignment2":"center","hero_height":"230px","page_title_bg_type":"color","custom_hero_background":{"attachment_id":null},"parallax":{"desktop":false,"tablet":false,"mobile":false},"pageTitleFont":{"family":"Default","variation":"Default","size":{"desktop":"32px","tablet":"30px","mobile":"25px"},"line-height":"1.3","letter-spacing":"CT_CSS_SKIP_RULE","text-transform":"CT_CSS_SKIP_RULE","text-decoration":"CT_CSS_SKIP_RULE"},"pageTitleFontColor":{"default":{"color":"CT_CSS_SKIP_RULEDEFAULT"}},"pageMetaFont":{"family":"Default","variation":"n6","size":{"desktop":"12px","tablet":"12px","mobile":"12px"},"line-height":"1.3","letter-spacing":"CT_CSS_SKIP_RULE","text-transform":"uppercase","text-decoration":"CT_CSS_SKIP_RULE"},"pageMetaFontColor":{"default":{"color":"CT_CSS_SKIP_RULEDEFAULT"},"hover":{"color":"CT_CSS_SKIP_RULEDEFAULT"}},"pageExcerptFont":{"family":"Default","variation":"n5","size":"CT_CSS_SKIP_RULE","line-height":"CT_CSS_SKIP_RULE","letter-spacing":"CT_CSS_SKIP_RULE","text-transform":"CT_CSS_SKIP_RULE","text-decoration":"CT_CSS_SKIP_RULE"},"pageExcerptColor":{"default":{"color":"CT_CSS_SKIP_RULEDEFAULT"}},"breadcrumbsFont":{"family":"Default","variation":"n6","size":"12px","line-height":"CT_CSS_SKIP_RULE","letter-spacing":"CT_CSS_SKIP_RULE","text-transform":"uppercase","text-decoration":"CT_CSS_SKIP_RULE"},"breadcrumbsFontColor":{"default":{"color":"CT_CSS_SKIP_RULEDEFAULT"},"initial":{"color":"CT_CSS_SKIP_RULEDEFAULT"},"hover":{"color":"CT_CSS_SKIP_RULEDEFAULT"}},"pageTitleOverlay":{"default":{"color":"rgba(41, 51, 60, 0.2)"}},"pageTitleBackground":{"background_type":"color","background_pattern":"type-1","background_image":{"attachment_id":null,"x":0,"y":0},"background_repeat":"no-repeat","background_size":"auto","background_attachment":"scroll","patternColor":{"default":{"color":"#e5e7ea"}},"backgroundColor":{"default":{"color":"#EDEFF2"}}},"30bd3d82d44c93ff512d385983934a8d":"","page_structure_type":"default","page_enable_vertical_spacing":"no","918019aae6b81bb57706ceeb2d06236b":"","disable_featured_image":"no","73fc40c930f9a5400d833b8700298f2f":"","d36a9c10c230eaf6c86b3a0408a49909":"","hero_structure":"narrow","9858ffa93290afa8ac31a0a3802db0eb":"","content_style":"inherit","vertical_spacing_source":"custom","content_area_spacing":"none","background":{"background_type":"color","background_pattern":"type-1","background_image":{"attachment_id":null,"x":0,"y":0},"background_repeat":"no-repeat","background_size":"auto","background_attachment":"scroll","patternColor":{"default":{"color":"#e5e7ea"}},"backgroundColor":{"default":{"color":"CT_CSS_SKIP_RULE"}}},"content_background":{"background_type":"color","background_pattern":"type-1","background_image":{"attachment_id":null,"x":0,"y":0},"background_repeat":"no-repeat","background_size":"auto","background_attachment":"scroll","patternColor":{"default":{"color":"#e5e7ea"}},"backgroundColor":{"default":{"color":"#ffffff"}}},"content_boxed_spacing":{"desktop":"40px","tablet":"35px","mobile":"20px"},"content_boxed_radius":{"top":"3px","bottom":"3px","left":"3px","right":"3px","linked":true},"content_boxed_shadow":{"blur":18,"spread":-6,"v_offset":12,"h_offset":0,"inset":false,"enable":true,"color":{"color":"rgba(34, 56, 101, 0.04)"}},"c7e3411feaaade2bd72c8d8c1b2029c1":"","styles_descriptor":{"styles":{"desktop":"","tablet":"","mobile":""},"google_fonts":[],"version":6}},"acf":[],"_links":{"self":[{"href":"https:\/\/agadiractivities.fr\/fr\/wp-json\/wp\/v2\/pages\/164","targetHints":{"allow":["GET"]}}],"collection":[{"href":"https:\/\/agadiractivities.fr\/fr\/wp-json\/wp\/v2\/pages"}],"about":[{"href":"https:\/\/agadiractivities.fr\/fr\/wp-json\/wp\/v2\/types\/page"}],"author":[{"embeddable":true,"href":"https:\/\/agadiractivities.fr\/fr\/wp-json\/wp\/v2\/users\/1"}],"replies":[{"embeddable":true,"href":"https:\/\/agadiractivities.fr\/fr\/wp-json\/wp\/v2\/comments?post=164"}],"version-history":[{"count":17,"href":"https:\/\/agadiractivities.fr\/fr\/wp-json\/wp\/v2\/pages\/164\/revisions"}],"predecessor-version":[{"id":4725,"href":"https:\/\/agadiractivities.fr\/fr\/wp-json\/wp\/v2\/pages\/164\/revisions\/4725"}],"wp:featuredmedia":[{"embeddable":true,"href":"https:\/\/agadiractivities.fr\/fr\/wp-json\/wp\/v2\/media\/2787"}],"wp:attachment":[{"href":"https:\/\/agadiractivities.fr\/fr\/wp-json\/wp\/v2\/media?parent=164"}],"curies":[{"name":"wp","href":"https:\/\/api.w.org\/{rel}","templated":true}]}}